{"id":383,"date":"2025-10-04T10:37:32","date_gmt":"2025-10-04T08:37:32","guid":{"rendered":"https:\/\/www.fullofenergy.cz\/?page_id=383"},"modified":"2025-10-09T13:56:47","modified_gmt":"2025-10-09T11:56:47","slug":"chapter-usti","status":"publish","type":"page","link":"https:\/\/www.fullofenergy.cz\/?page_id=383","title":{"rendered":"Chapter \u00dast\u00ed nad Labem"},"content":{"rendered":"\t\t<div data-elementor-type=\"wp-page\" data-elementor-id=\"383\" class=\"elementor elementor-383\">\n\t\t\t\t<div class=\"aux-parallax-section elementor-element elementor-element-0c12821 e-flex e-con-boxed e-con e-parent\" data-id=\"0c12821\" data-element_type=\"container\" data-settings=\"{&quot;background_background&quot;:&quot;classic&quot;}\">\n\t\t\t\t\t<div class=\"e-con-inner\">\n\t\t<div class=\"elementor-element elementor-element-526cb79 e-con-full elementor-hidden-tablet elementor-hidden-mobile e-flex e-con e-child\" data-id=\"526cb79\" data-element_type=\"container\">\n\t\t\t\t<\/div>\n\t\t<div class=\"elementor-element elementor-element-4327da3 e-con-full e-flex e-con e-child\" data-id=\"4327da3\" data-element_type=\"container\">\n\t\t\t\t<div class=\"elementor-element elementor-element-7598686 aux-appear-watch-animation aux-fade-in-left-1 elementor-widget elementor-widget-image\" data-id=\"7598686\" data-element_type=\"widget\" data-widget_type=\"image.default\">\n\t\t\t\t<div class=\"elementor-widget-container\">\n\t\t\t\t\t\t\t\t\t\t\t\t\t\t\t<img decoding=\"async\" width=\"150\" height=\"150\" src=\"https:\/\/www.fullofenergy.cz\/wp-content\/uploads\/2025\/06\/usti-150x150.png\" class=\"attachment-thumbnail size-thumbnail wp-image-175\" alt=\"\" srcset=\"https:\/\/www.fullofenergy.cz\/wp-content\/uploads\/2025\/06\/usti-150x150.png 150w, https:\/\/www.fullofenergy.cz\/wp-content\/uploads\/2025\/06\/usti-200x200.png 200w, https:\/\/www.fullofenergy.cz\/wp-content\/uploads\/2025\/06\/usti.png 250w\" sizes=\"(max-width: 150px) 100vw, 150px\" \/>\t\t\t\t\t\t\t\t\t\t\t\t\t\t\t<\/div>\n\t\t\t\t<\/div>\n\t\t\t\t<div class=\"elementor-element elementor-element-7a295e5d aux-appear-watch-animation aux-fade-in-up-1 elementor-widget elementor-widget-aux_modern_heading\" data-id=\"7a295e5d\" data-element_type=\"widget\" data-widget_type=\"aux_modern_heading.default\">\n\t\t\t\t<div class=\"elementor-widget-container\">\n\t\t\t\t\t<section class=\"aux-widget-modern-heading\">\n            <div class=\"aux-widget-inner\"><h2 class=\"aux-modern-heading-primary\">Chapter \u00daST\u00cd NAD LABEM<\/h2><\/div>\n        <\/section>\t\t\t\t<\/div>\n\t\t\t\t<\/div>\n\t\t\t\t<div class=\"elementor-element elementor-element-4efd5e65 elementor-widget elementor-widget-aux_image\" data-id=\"4efd5e65\" data-element_type=\"widget\" data-widget_type=\"aux_image.default\">\n\t\t\t\t<div class=\"elementor-widget-container\">\n\t\t\t\t\t<section class=\"widget-container aux-widget-image aux-alignnone aux-parent-aubd0d9195\">\n    <div class=\"aux-media-hint-frame \">\n        <div class=\"aux-media-image \" >\n        \n            \n\n            \n            <img fetchpriority=\"high\" decoding=\"async\" width=\"260\" height=\"260\" src=\"data:image\/gif;base64,R0lGODlhAQABAIAAAAAAAP\/\/\/yH5BAEAAAAALAAAAAABAAEAAAIBRAA7\" class=\"aux-attachment aux-featured-image aux-attachment-id-204 aux-preload aux-blank\" alt=\"260x260_usti\" data-ratio=\"1\" data-original-w=\"260\" data-src=\"https:\/\/www.fullofenergy.cz\/wp-content\/uploads\/2025\/06\/260x260_usti.jpg\" \/>            \n                <\/div>\n    <\/div>\n\n<\/section><!-- widget-container -->\t\t\t\t<\/div>\n\t\t\t\t<\/div>\n\t\t\t\t<\/div>\n\t\t<div class=\"elementor-element elementor-element-1ceecbfc aux-appear-watch-animation aux-fade-in-left-1 e-con-full e-flex e-con e-child\" data-id=\"1ceecbfc\" data-element_type=\"container\" data-settings=\"{&quot;background_background&quot;:&quot;classic&quot;}\">\n\t\t\t\t<div class=\"elementor-element elementor-element-6cdae28 elementor-widget elementor-widget-spacer\" data-id=\"6cdae28\" data-element_type=\"widget\" data-widget_type=\"spacer.default\">\n\t\t\t\t<div class=\"elementor-widget-container\">\n\t\t\t\t\t\t\t<div class=\"elementor-spacer\">\n\t\t\t<div class=\"elementor-spacer-inner\"><\/div>\n\t\t<\/div>\n\t\t\t\t\t\t<\/div>\n\t\t\t\t<\/div>\n\t\t\t\t<div class=\"elementor-element elementor-element-51413351 aux-appear-watch-animation aux-fade-in-up-1 elementor-widget elementor-widget-aux_modern_heading\" data-id=\"51413351\" data-element_type=\"widget\" data-widget_type=\"aux_modern_heading.default\">\n\t\t\t\t<div class=\"elementor-widget-container\">\n\t\t\t\t\t<section class=\"aux-widget-modern-heading\">\n            <div class=\"aux-widget-inner\"><h2 class=\"aux-modern-heading-primary\">Kontakt<\/h2><div class=\"aux-modern-heading-description\"><p><strong>Klubov\u00fd den:<\/strong> p\u00e1tek od 20:00<\/p><\/div><\/div>\n        <\/section>\t\t\t\t<\/div>\n\t\t\t\t<\/div>\n\t\t\t\t<div class=\"elementor-element elementor-element-729bad52 elementor-widget elementor-widget-aux_divider\" data-id=\"729bad52\" data-element_type=\"widget\" data-widget_type=\"aux_divider.default\">\n\t\t\t\t<div class=\"elementor-widget-container\">\n\t\t\t\t\t<hr class=\"aux-divider-center aux-divider-align-center\" >\t\t\t\t<\/div>\n\t\t\t\t<\/div>\n\t\t<div class=\"elementor-element elementor-element-7ba37866 aux-appear-watch-animation aux-fade-in-down-1 e-con-full e-flex e-con e-child\" data-id=\"7ba37866\" data-element_type=\"container\">\n\t\t<div class=\"elementor-element elementor-element-5356b55b e-con-full e-flex e-con e-child\" data-id=\"5356b55b\" data-element_type=\"container\">\n\t\t\t\t<div class=\"elementor-element elementor-element-5b886625 elementor-widget__width-auto elementor-widget elementor-widget-aux_image\" data-id=\"5b886625\" data-element_type=\"widget\" data-widget_type=\"aux_image.default\">\n\t\t\t\t<div class=\"elementor-widget-container\">\n\t\t\t\t\t<section class=\"widget-container aux-widget-image aux-alignnone aux-parent-au259d8456\">\n    <div class=\"aux-media-hint-frame \">\n        <div class=\"aux-media-image \" >\n        \n            \n\n            \n            <img decoding=\"async\" width=\"33\" height=\"49\" src=\"https:\/\/www.fullofenergy.cz\/wp-content\/uploads\/2021\/06\/placeholder.svg\" class=\"aux-attachment aux-featured-image aux-attachment-id-38\" alt=\"demo-attachment-1661-placeholder\" data-ratio=\"0.67\" data-original-w=\"33\" \/>            \n                <\/div>\n    <\/div>\n\n<\/section><!-- widget-container -->\t\t\t\t<\/div>\n\t\t\t\t<\/div>\n\t\t\t\t<\/div>\n\t\t<div class=\"elementor-element elementor-element-60a94564 e-con-full e-flex e-con e-child\" data-id=\"60a94564\" data-element_type=\"container\">\n\t\t\t\t<div class=\"elementor-element elementor-element-fb8d8d0 elementor-widget elementor-widget-aux_modern_heading\" data-id=\"fb8d8d0\" data-element_type=\"widget\" data-widget_type=\"aux_modern_heading.default\">\n\t\t\t\t<div class=\"elementor-widget-container\">\n\t\t\t\t\t<section class=\"aux-widget-modern-heading\">\n            <div class=\"aux-widget-inner\"><h2 class=\"aux-modern-heading-primary\">Adresa:<\/h2><div class=\"aux-modern-heading-description\"><p>Libouchec 355<br \/>403 35 Libouchec<\/p><\/div><\/div>\n        <\/section>\t\t\t\t<\/div>\n\t\t\t\t<\/div>\n\t\t\t\t<\/div>\n\t\t\t\t<\/div>\n\t\t<div class=\"elementor-element elementor-element-67d00245 aux-appear-watch-animation aux-scale-up-1 e-con-full e-flex e-con e-child\" data-id=\"67d00245\" data-element_type=\"container\">\n\t\t<div class=\"elementor-element elementor-element-674350b4 e-con-full e-flex e-con e-child\" data-id=\"674350b4\" data-element_type=\"container\">\n\t\t\t\t<div class=\"elementor-element elementor-element-128f14d4 elementor-widget__width-auto elementor-widget elementor-widget-aux_image\" data-id=\"128f14d4\" data-element_type=\"widget\" data-widget_type=\"aux_image.default\">\n\t\t\t\t<div class=\"elementor-widget-container\">\n\t\t\t\t\t<section class=\"widget-container aux-widget-image aux-alignnone aux-parent-au3da620fd\">\n    <div class=\"aux-media-hint-frame \">\n        <div class=\"aux-media-image \" >\n        \n            \n\n            \n            <img loading=\"lazy\" decoding=\"async\" width=\"49\" height=\"29\" src=\"https:\/\/www.fullofenergy.cz\/wp-content\/uploads\/2021\/06\/send.svg\" class=\"aux-attachment aux-featured-image aux-attachment-id-36\" alt=\"demo-attachment-1663-send\" data-ratio=\"1.69\" data-original-w=\"49\" \/>            \n                <\/div>\n    <\/div>\n\n<\/section><!-- widget-container -->\t\t\t\t<\/div>\n\t\t\t\t<\/div>\n\t\t\t\t<\/div>\n\t\t<div class=\"elementor-element elementor-element-716b6c60 e-con-full e-flex e-con e-child\" data-id=\"716b6c60\" data-element_type=\"container\">\n\t\t\t\t<div class=\"elementor-element elementor-element-4041f349 elementor-widget elementor-widget-aux_modern_heading\" data-id=\"4041f349\" data-element_type=\"widget\" data-widget_type=\"aux_modern_heading.default\">\n\t\t\t\t<div class=\"elementor-widget-container\">\n\t\t\t\t\t<section class=\"aux-widget-modern-heading\">\n            <div class=\"aux-widget-inner\"><h2 class=\"aux-modern-heading-primary\">E-mail:<\/h2><div class=\"aux-modern-heading-description\"><p><a href=\"mailto:secretary.usti@fullofenergy.cz\">secretary.usti@fullofenergy.cz<\/a><\/p><\/div><\/div>\n        <\/section>\t\t\t\t<\/div>\n\t\t\t\t<\/div>\n\t\t\t\t<\/div>\n\t\t\t\t<\/div>\n\t\t<div class=\"elementor-element elementor-element-59e7dfd1 aux-appear-watch-animation aux-fade-in-up-1 e-con-full e-flex e-con e-child\" data-id=\"59e7dfd1\" data-element_type=\"container\">\n\t\t<div class=\"elementor-element elementor-element-5800dbd2 e-con-full e-flex e-con e-child\" data-id=\"5800dbd2\" data-element_type=\"container\">\n\t\t\t\t<div class=\"elementor-element elementor-element-1658931a elementor-widget__width-auto elementor-widget elementor-widget-aux_image\" data-id=\"1658931a\" data-element_type=\"widget\" data-widget_type=\"aux_image.default\">\n\t\t\t\t<div class=\"elementor-widget-container\">\n\t\t\t\t\t<section class=\"widget-container aux-widget-image aux-alignnone aux-parent-au4b8db4ad\">\n    <div class=\"aux-media-hint-frame \">\n        <div class=\"aux-media-image \" >\n        \n            \n\n            \n            <img loading=\"lazy\" decoding=\"async\" width=\"27\" height=\"49\" src=\"https:\/\/www.fullofenergy.cz\/wp-content\/uploads\/2021\/06\/iphone.svg\" class=\"aux-attachment aux-featured-image aux-attachment-id-37\" alt=\"demo-attachment-1662-iphone\" data-ratio=\"0.55\" data-original-w=\"27\" \/>            \n                <\/div>\n    <\/div>\n\n<\/section><!-- widget-container -->\t\t\t\t<\/div>\n\t\t\t\t<\/div>\n\t\t\t\t<\/div>\n\t\t<div class=\"elementor-element elementor-element-77be6666 e-con-full e-flex e-con e-child\" data-id=\"77be6666\" data-element_type=\"container\">\n\t\t\t\t<div class=\"elementor-element elementor-element-1279dca0 elementor-widget elementor-widget-aux_modern_heading\" data-id=\"1279dca0\" data-element_type=\"widget\" data-widget_type=\"aux_modern_heading.default\">\n\t\t\t\t<div class=\"elementor-widget-container\">\n\t\t\t\t\t<section class=\"aux-widget-modern-heading\">\n            <div class=\"aux-widget-inner\"><h2 class=\"aux-modern-heading-primary\">Telefon:<\/h2><div class=\"aux-modern-heading-description\">Fulda\n<a href=\"tel:+420602532947\">+420 602 532 947<\/a><\/div><\/div>\n        <\/section>\t\t\t\t<\/div>\n\t\t\t\t<\/div>\n\t\t\t\t<\/div>\n\t\t\t\t<\/div>\n\t\t\t\t<div class=\"elementor-element elementor-element-2a444eb elementor-widget elementor-widget-spacer\" data-id=\"2a444eb\" data-element_type=\"widget\" data-widget_type=\"spacer.default\">\n\t\t\t\t<div class=\"elementor-widget-container\">\n\t\t\t\t\t\t\t<div class=\"elementor-spacer\">\n\t\t\t<div class=\"elementor-spacer-inner\"><\/div>\n\t\t<\/div>\n\t\t\t\t\t\t<\/div>\n\t\t\t\t<\/div>\n\t\t\t\t<\/div>\n\t\t\t\t\t<\/div>\n\t\t\t\t<\/div>\n\t\t\t\t<\/div>\n\t\t","protected":false},"excerpt":{"rendered":"<p>Chapter \u00daST\u00cd NAD LABEM Kontakt Klubov\u00fd den: p\u00e1tek od 20:00 Adresa: Libouchec 355403 35 Libouchec E-mail: secretary.usti@fullofenergy.cz Telefon: Fulda +420 602 532 947<\/p>\n","protected":false},"author":1,"featured_media":0,"parent":0,"menu_order":0,"comment_status":"closed","ping_status":"closed","template":"","meta":{"footnotes":""},"class_list":["post-383","page","type-page","status-publish","hentry"],"_links":{"self":[{"href":"https:\/\/www.fullofenergy.cz\/index.php?rest_route=\/wp\/v2\/pages\/383","targetHints":{"allow":["GET"]}}],"collection":[{"href":"https:\/\/www.fullofenergy.cz\/index.php?rest_route=\/wp\/v2\/pages"}],"about":[{"href":"https:\/\/www.fullofenergy.cz\/index.php?rest_route=\/wp\/v2\/types\/page"}],"author":[{"embeddable":true,"href":"https:\/\/www.fullofenergy.cz\/index.php?rest_route=\/wp\/v2\/users\/1"}],"replies":[{"embeddable":true,"href":"https:\/\/www.fullofenergy.cz\/index.php?rest_route=%2Fwp%2Fv2%2Fcomments&post=383"}],"version-history":[{"count":20,"href":"https:\/\/www.fullofenergy.cz\/index.php?rest_route=\/wp\/v2\/pages\/383\/revisions"}],"predecessor-version":[{"id":460,"href":"https:\/\/www.fullofenergy.cz\/index.php?rest_route=\/wp\/v2\/pages\/383\/revisions\/460"}],"wp:attachment":[{"href":"https:\/\/www.fullofenergy.cz\/index.php?rest_route=%2Fwp%2Fv2%2Fmedia&parent=383"}],"curies":[{"name":"wp","href":"https:\/\/api.w.org\/{rel}","templated":true}]}}